{"id":438,"date":"2022-02-15T08:23:04","date_gmt":"2022-02-15T08:23:04","guid":{"rendered":"https:\/\/julienmatagne.com\/?page_id=438"},"modified":"2024-06-04T21:00:18","modified_gmt":"2024-06-04T21:00:18","slug":"qui-suis-je","status":"publish","type":"page","link":"https:\/\/julienmatagne.com\/index.php\/qui-suis-je\/","title":{"rendered":"Qui suis-je?"},"content":{"rendered":"\n<p>Je m\u2019appelle <strong>Julien Matagne<\/strong> et je suis n\u00e9 le 18 f\u00e9vrier 1996.<br>J\u2019habite \u00e0 Bruxelles.<\/p>\n\n\n\n<p><strong>Mes \u00e9tudes :<\/strong><br>2014 : Enseignement secondaire sup\u00e9rieur (ARA Bruxelles).<br>2018 : Bachelier en infographie communication graphique (HEAJ Namur).<br><br><strong>Mes Formations :<\/strong><br>2024 : Formation QA (Girleek Bruxelles).<\/p>\n\n\n\n<p><strong>Mes exp\u00e9riences professionnelles :<\/strong><br>Stage chez Rossel Le Soir.<br>CDD de 2 ans \u00e0 la Banque nationale de Belgique \u00e0 la section Prepress &amp; Image du service Communication<\/p>\n\n\n\n<p><strong>Mes atouts :<\/strong> <br>Mises en pages<br>Retouches photo<br>Cr\u00e9ation de logos<br>Art vectoriel<br>Animation vid\u00e9o<br>Conception de rapports d\u2019entreprises<br>Typographie<br>Mac &amp; PC<br>Fondamentaux du test<br>Plans et cas de tests<br>Validations de tests<br>Tests statiques<br>Tests manuels et tests automatis\u00e9s<br>Reporting<br>M\u00e9thodologies AGILES (scrum)<\/p>\n\n\n\n<p><strong>Programmes :<\/strong> <br>InDesign<br>Photoshop<br>Illustrator<br>After Effects<br>Lightroom<br>Acrobat Pro<br>Microsoft Office<br>Cinema 4D<br>Sony Vegas Pro<br>Cr\u00e9ation de sites WordPress<br>Selenium IDE<br>Postman<br>Typescript<br>Jira<br>Base des langages de programmation : HTML, CSS, Javascript, C#, Python<\/p>\n\n\n\n<p><strong>Ma motivation :<\/strong><br>Form\u00e9 aux techniques de conception, de cr\u00e9ation et de mise en pages, je me d\u00e9finis comme<br>quelqu\u2019un ayant une personnalit\u00e9 facile et adaptable \u00e0 de nombreux groupes ou \u00e9quipes.<br>Je peux travailler aussi bien sur des projets collaboratifs qu\u2019en totale ind\u00e9pendance.<br>Ma curiosit\u00e9, mon sens de la rigueur et de la pr\u00e9cision sont mes atouts majeurs.<br>Passionn\u00e9 par ce que j&rsquo;entreprends, j&rsquo;y mets toujours toute mon \u00e9nergie.<\/p>\n\n\n\n<figure class=\"wp-block-image size-full\"><img loading=\"lazy\" decoding=\"async\" width=\"600\" height=\"426\" src=\"https:\/\/julienmatagne.com\/wp-content\/uploads\/2022\/02\/Figure-Juju-1.png\" alt=\"\" class=\"wp-image-455\" srcset=\"https:\/\/julienmatagne.com\/wp-content\/uploads\/2022\/02\/Figure-Juju-1.png 600w, https:\/\/julienmatagne.com\/wp-content\/uploads\/2022\/02\/Figure-Juju-1-300x213.png 300w\" sizes=\"auto, (max-width: 600px) 100vw, 600px\" \/><\/figure>\n","protected":false},"excerpt":{"rendered":"<p>Je m\u2019appelle Julien Matagne et je suis n\u00e9 le 18 f\u00e9vrier 1996.J\u2019habite \u00e0 Bruxelles. Mes \u00e9tudes :2014 : Enseignement secondaire sup\u00e9rieur (ARA Bruxelles).2018 : Bachelier en infographie communication graphique (HEAJ &#8230;<\/p>\n","protected":false},"author":1,"featured_media":0,"parent":0,"menu_order":0,"comment_status":"closed","ping_status":"closed","template":"","meta":{"om_disable_all_campaigns":false,"_monsterinsights_skip_tracking":false,"_monsterinsights_sitenote_active":false,"_monsterinsights_sitenote_note":"","_monsterinsights_sitenote_category":0,"footnotes":""},"class_list":["post-438","page","type-page","status-publish","hentry"],"_links":{"self":[{"href":"https:\/\/julienmatagne.com\/index.php\/wp-json\/wp\/v2\/pages\/438","targetHints":{"allow":["GET"]}}],"collection":[{"href":"https:\/\/julienmatagne.com\/index.php\/wp-json\/wp\/v2\/pages"}],"about":[{"href":"https:\/\/julienmatagne.com\/index.php\/wp-json\/wp\/v2\/types\/page"}],"author":[{"embeddable":true,"href":"https:\/\/julienmatagne.com\/index.php\/wp-json\/wp\/v2\/users\/1"}],"replies":[{"embeddable":true,"href":"https:\/\/julienmatagne.com\/index.php\/wp-json\/wp\/v2\/comments?post=438"}],"version-history":[{"count":6,"href":"https:\/\/julienmatagne.com\/index.php\/wp-json\/wp\/v2\/pages\/438\/revisions"}],"predecessor-version":[{"id":639,"href":"https:\/\/julienmatagne.com\/index.php\/wp-json\/wp\/v2\/pages\/438\/revisions\/639"}],"wp:attachment":[{"href":"https:\/\/julienmatagne.com\/index.php\/wp-json\/wp\/v2\/media?parent=438"}],"curies":[{"name":"wp","href":"https:\/\/api.w.org\/{rel}","templated":true}]}}